{"id":83,"date":"2020-06-14T20:43:20","date_gmt":"2020-06-14T20:43:20","guid":{"rendered":"https:\/\/pampajuana.com.ar\/pagina-de-inicio\/"},"modified":"2026-05-01T22:38:49","modified_gmt":"2026-05-01T22:38:49","slug":"inicio","status":"publish","type":"page","link":"https:\/\/pampajuana.com.ar\/","title":{"rendered":""},"content":{"rendered":"\t\t<div data-elementor-type=\"wp-page\" data-elementor-id=\"83\" class=\"elementor elementor-83\">\n\t\t\t\t\t\t<section class=\"elementor-section elementor-top-section elementor-element elementor-element-1182e7c elementor-section-full_width elementor-section-height-min-height elementor-section-stretched elementor-section-content-middle elementor-section-height-default elementor-section-items-middle\" data-id=\"1182e7c\" data-element_type=\"section\" data-e-type=\"section\" data-settings=\"{&quot;stretch_section&quot;:&quot;section-stretched&quot;,&quot;background_background&quot;:&quot;classic&quot;}\">\n\t\t\t\t\t\t<div class=\"elementor-container elementor-column-gap-default\">\n\t\t\t\t\t<div class=\"elementor-column elementor-col-100 elementor-top-column elementor-element elementor-element-0cb23f5\" data-id=\"0cb23f5\" data-element_type=\"column\" data-e-type=\"column\">\n\t\t\t<div class=\"elementor-widget-wrap elementor-element-populated\">\n\t\t\t\t\t\t<div class=\"elementor-element elementor-element-7acfdce elementor-widget elementor-widget-heading\" data-id=\"7acfdce\" data-element_type=\"widget\" data-e-type=\"widget\" data-widget_type=\"heading.default\">\n\t\t\t\t<div class=\"elementor-widget-container\">\n\t\t\t\t\t<h2 class=\"elementor-heading-title elementor-size-default\">Snack honesto, porci\u00f3n diaria.<\/h2>\t\t\t\t<\/div>\n\t\t\t\t<\/div>\n\t\t\t\t<div class=\"elementor-element elementor-element-58701b8 elementor-widget elementor-widget-heading\" data-id=\"58701b8\" data-element_type=\"widget\" data-e-type=\"widget\" data-widget_type=\"heading.default\">\n\t\t\t\t<div class=\"elementor-widget-container\">\n\t\t\t\t\t<h2 class=\"elementor-heading-title elementor-size-default\"><br>Frutos secos naturales, sin sal agregada, sin conservantes. Como vienen del productor, llegan a tu mano.<\/h2>\t\t\t\t<\/div>\n\t\t\t\t<\/div>\n\t\t\t\t\t<\/div>\n\t\t<\/div>\n\t\t\t\t\t<\/div>\n\t\t<\/section>\n\t\t\t\t<section class=\"elementor-section elementor-top-section elementor-element elementor-element-2c9bf07 elementor-section-boxed elementor-section-height-default elementor-section-height-default\" data-id=\"2c9bf07\" data-element_type=\"section\" data-e-type=\"section\" data-settings=\"{&quot;background_background&quot;:&quot;classic&quot;}\">\n\t\t\t\t\t\t<div class=\"elementor-container elementor-column-gap-default\">\n\t\t\t\t\t<div class=\"elementor-column elementor-col-100 elementor-top-column elementor-element elementor-element-58d9fe3\" data-id=\"58d9fe3\" data-element_type=\"column\" data-e-type=\"column\" data-settings=\"{&quot;background_background&quot;:&quot;classic&quot;}\">\n\t\t\t<div class=\"elementor-widget-wrap elementor-element-populated\">\n\t\t\t\t\t\t<div class=\"elementor-element elementor-element-5f0e427 elementor-widget elementor-widget-shortcode\" data-id=\"5f0e427\" data-element_type=\"widget\" data-e-type=\"widget\" data-widget_type=\"shortcode.default\">\n\t\t\t\t<div class=\"elementor-widget-container\">\n\t\t\t\t\t\t\t<div class=\"elementor-shortcode\"><div class=\"woocommerce columns-4 \"><ul class=\"products content-wrap product-archive grid-cols grid-ss-col-2 grid-sm-col-3 grid-lg-col-4 woo-archive-action-on-hover woo-archive-btn-text  woo-archive-image-hover-none\"><li class=\"entry content-bg loop-entry product type-product post-1726 status-publish first instock product_cat-pack-50-gramos has-post-thumbnail shipping-taxable purchasable product-type-simple\">\n\t<a href=\"https:\/\/pampajuana.com.ar\/?product=castanas-de-caju-tostadas-sin-sal-50-grs\" class=\"woocommerce-loop-image-link woocommerce-LoopProduct-link woocommerce-loop-product__link\"><img fetchpriority=\"high\" decoding=\"async\" width=\"300\" height=\"300\" src=\"https:\/\/pampajuana.com.ar\/wp-content\/uploads\/2025\/11\/11139E98-AD88-40FB-AF70-DC530BA088B9-2-300x300.png\" class=\"attachment-woocommerce_thumbnail size-woocommerce_thumbnail\" alt=\"Casta\u00f1as de Caj\u00fa\" srcset=\"https:\/\/pampajuana.com.ar\/wp-content\/uploads\/2025\/11\/11139E98-AD88-40FB-AF70-DC530BA088B9-2-300x300.png 300w, https:\/\/pampajuana.com.ar\/wp-content\/uploads\/2025\/11\/11139E98-AD88-40FB-AF70-DC530BA088B9-2-100x100.png 100w, https:\/\/pampajuana.com.ar\/wp-content\/uploads\/2025\/11\/11139E98-AD88-40FB-AF70-DC530BA088B9-2-150x150.png 150w\" sizes=\"(max-width: 300px) 100vw, 300px\" \/><\/a><div class=\"product-details content-bg entry-content-wrap\"><h2 class=\"woocommerce-loop-product__title\"><a href=\"https:\/\/pampajuana.com.ar\/?product=castanas-de-caju-tostadas-sin-sal-50-grs\" class=\"woocommerce-LoopProduct-link-title woocommerce-loop-product__title_ink\">Casta\u00f1as de Caj\u00fa<\/a><\/h2>\n\t<span class=\"price\"><span class=\"woocommerce-Price-amount amount\"><bdi><span class=\"woocommerce-Price-currencySymbol\">&#36;<\/span>2,000.00<\/bdi><\/span><\/span>\n<div class=\"product-action-wrap\"><a href=\"\/index.php?rest_route=%2Fwp%2Fv2%2Fpages%2F83&#038;add-to-cart=1726\" data-quantity=\"1\" class=\"button product_type_simple add_to_cart_button ajax_add_to_cart\" data-product_id=\"1726\" data-product_sku=\"\" aria-label=\"A\u00f1adir al carrito: &ldquo;Casta\u00f1as de Caj\u00fa&rdquo;\" rel=\"nofollow\" data-success_message=\"\u00abCasta\u00f1as de Caj\u00fa\u00bb se ha a\u00f1adido a tu carrito\" role=\"button\">A\u00f1adir al carrito<span class=\"kadence-svg-iconset svg-baseline\"><svg aria-hidden=\"true\" class=\"kadence-svg-icon kadence-arrow-right-alt-svg\" fill=\"currentColor\" version=\"1.1\" xmlns=\"http:\/\/www.w3.org\/2000\/svg\" width=\"27\" height=\"28\" viewBox=\"0 0 27 28\"><title>Continuar<\/title><path d=\"M27 13.953c0 0.141-0.063 0.281-0.156 0.375l-6 5.531c-0.156 0.141-0.359 0.172-0.547 0.094-0.172-0.078-0.297-0.25-0.297-0.453v-3.5h-19.5c-0.281 0-0.5-0.219-0.5-0.5v-3c0-0.281 0.219-0.5 0.5-0.5h19.5v-3.5c0-0.203 0.109-0.375 0.297-0.453s0.391-0.047 0.547 0.078l6 5.469c0.094 0.094 0.156 0.219 0.156 0.359v0z\"><\/path>\n\t\t\t\t<\/svg><\/span><span class=\"kadence-svg-iconset svg-baseline\"><svg class=\"kadence-svg-icon kadence-spinner-svg\" fill=\"currentColor\" version=\"1.1\" xmlns=\"http:\/\/www.w3.org\/2000\/svg\" width=\"16\" height=\"16\" viewBox=\"0 0 16 16\"><title>Cargando<\/title><path d=\"M16 6h-6l2.243-2.243c-1.133-1.133-2.64-1.757-4.243-1.757s-3.109 0.624-4.243 1.757c-1.133 1.133-1.757 2.64-1.757 4.243s0.624 3.109 1.757 4.243c1.133 1.133 2.64 1.757 4.243 1.757s3.109-0.624 4.243-1.757c0.095-0.095 0.185-0.192 0.273-0.292l1.505 1.317c-1.466 1.674-3.62 2.732-6.020 2.732-4.418 0-8-3.582-8-8s3.582-8 8-8c2.209 0 4.209 0.896 5.656 2.344l2.343-2.344v6z\"><\/path>\n\t\t\t\t<\/svg><\/span><span class=\"kadence-svg-iconset svg-baseline\"><svg class=\"kadence-svg-icon kadence-check-svg\" fill=\"currentColor\" version=\"1.1\" xmlns=\"http:\/\/www.w3.org\/2000\/svg\" width=\"16\" height=\"16\" viewBox=\"0 0 16 16\"><title>Hecho<\/title><path d=\"M14 2.5l-8.5 8.5-3.5-3.5-1.5 1.5 5 5 10-10z\"><\/path>\n\t\t\t\t<\/svg><\/span><\/a>\t<span id=\"woocommerce_loop_add_to_cart_link_describedby_1726\" class=\"screen-reader-text\">\n\t\t\t<\/span>\n<\/div><\/div><\/li>\n<li class=\"entry content-bg loop-entry product type-product post-1724 status-publish instock product_cat-pack-50-gramos has-post-thumbnail shipping-taxable purchasable product-type-simple\">\n\t<a href=\"https:\/\/pampajuana.com.ar\/?product=almendras-peladas-naturales-50-grs\" class=\"woocommerce-loop-image-link woocommerce-LoopProduct-link woocommerce-loop-product__link\"><img decoding=\"async\" width=\"300\" height=\"300\" src=\"https:\/\/pampajuana.com.ar\/wp-content\/uploads\/2025\/11\/459DD620-9FE9-4147-919F-A79CC02F6D90-300x300.png\" class=\"attachment-woocommerce_thumbnail size-woocommerce_thumbnail\" alt=\"Almendras Naturales\" srcset=\"https:\/\/pampajuana.com.ar\/wp-content\/uploads\/2025\/11\/459DD620-9FE9-4147-919F-A79CC02F6D90-300x300.png 300w, https:\/\/pampajuana.com.ar\/wp-content\/uploads\/2025\/11\/459DD620-9FE9-4147-919F-A79CC02F6D90-100x100.png 100w, https:\/\/pampajuana.com.ar\/wp-content\/uploads\/2025\/11\/459DD620-9FE9-4147-919F-A79CC02F6D90-150x150.png 150w\" sizes=\"(max-width: 300px) 100vw, 300px\" \/><\/a><div class=\"product-details content-bg entry-content-wrap\"><h2 class=\"woocommerce-loop-product__title\"><a href=\"https:\/\/pampajuana.com.ar\/?product=almendras-peladas-naturales-50-grs\" class=\"woocommerce-LoopProduct-link-title woocommerce-loop-product__title_ink\">Almendras Naturales<\/a><\/h2>\n\t<span class=\"price\"><span class=\"woocommerce-Price-amount amount\"><bdi><span class=\"woocommerce-Price-currencySymbol\">&#36;<\/span>2,000.00<\/bdi><\/span><\/span>\n<div class=\"product-action-wrap\"><a href=\"\/index.php?rest_route=%2Fwp%2Fv2%2Fpages%2F83&#038;add-to-cart=1724\" data-quantity=\"1\" class=\"button product_type_simple add_to_cart_button ajax_add_to_cart\" data-product_id=\"1724\" data-product_sku=\"A50G\" aria-label=\"A\u00f1adir al carrito: &ldquo;Almendras Naturales&rdquo;\" rel=\"nofollow\" data-success_message=\"\u00abAlmendras Naturales\u00bb se ha a\u00f1adido a tu carrito\" role=\"button\">A\u00f1adir al carrito<span class=\"kadence-svg-iconset svg-baseline\"><svg aria-hidden=\"true\" class=\"kadence-svg-icon kadence-arrow-right-alt-svg\" fill=\"currentColor\" version=\"1.1\" xmlns=\"http:\/\/www.w3.org\/2000\/svg\" width=\"27\" height=\"28\" viewBox=\"0 0 27 28\"><title>Continuar<\/title><path d=\"M27 13.953c0 0.141-0.063 0.281-0.156 0.375l-6 5.531c-0.156 0.141-0.359 0.172-0.547 0.094-0.172-0.078-0.297-0.25-0.297-0.453v-3.5h-19.5c-0.281 0-0.5-0.219-0.5-0.5v-3c0-0.281 0.219-0.5 0.5-0.5h19.5v-3.5c0-0.203 0.109-0.375 0.297-0.453s0.391-0.047 0.547 0.078l6 5.469c0.094 0.094 0.156 0.219 0.156 0.359v0z\"><\/path>\n\t\t\t\t<\/svg><\/span><span class=\"kadence-svg-iconset svg-baseline\"><svg class=\"kadence-svg-icon kadence-spinner-svg\" fill=\"currentColor\" version=\"1.1\" xmlns=\"http:\/\/www.w3.org\/2000\/svg\" width=\"16\" height=\"16\" viewBox=\"0 0 16 16\"><title>Cargando<\/title><path d=\"M16 6h-6l2.243-2.243c-1.133-1.133-2.64-1.757-4.243-1.757s-3.109 0.624-4.243 1.757c-1.133 1.133-1.757 2.64-1.757 4.243s0.624 3.109 1.757 4.243c1.133 1.133 2.64 1.757 4.243 1.757s3.109-0.624 4.243-1.757c0.095-0.095 0.185-0.192 0.273-0.292l1.505 1.317c-1.466 1.674-3.62 2.732-6.020 2.732-4.418 0-8-3.582-8-8s3.582-8 8-8c2.209 0 4.209 0.896 5.656 2.344l2.343-2.344v6z\"><\/path>\n\t\t\t\t<\/svg><\/span><span class=\"kadence-svg-iconset svg-baseline\"><svg class=\"kadence-svg-icon kadence-check-svg\" fill=\"currentColor\" version=\"1.1\" xmlns=\"http:\/\/www.w3.org\/2000\/svg\" width=\"16\" height=\"16\" viewBox=\"0 0 16 16\"><title>Hecho<\/title><path d=\"M14 2.5l-8.5 8.5-3.5-3.5-1.5 1.5 5 5 10-10z\"><\/path>\n\t\t\t\t<\/svg><\/span><\/a>\t<span id=\"woocommerce_loop_add_to_cart_link_describedby_1724\" class=\"screen-reader-text\">\n\t\t\t<\/span>\n<\/div><\/div><\/li>\n<li class=\"entry content-bg loop-entry product type-product post-1722 status-publish instock product_cat-sin-categorizar product_cat-pack-50-gramos has-post-thumbnail shipping-taxable purchasable product-type-simple\">\n\t<a href=\"https:\/\/pampajuana.com.ar\/?product=mix-premium-50-grs\" class=\"woocommerce-loop-image-link woocommerce-LoopProduct-link woocommerce-loop-product__link\"><img decoding=\"async\" width=\"300\" height=\"300\" src=\"https:\/\/pampajuana.com.ar\/wp-content\/uploads\/2025\/11\/B43BC76B-2631-4695-A801-548F92179DBF-300x300.png\" class=\"attachment-woocommerce_thumbnail size-woocommerce_thumbnail\" alt=\"Mix Premium\" srcset=\"https:\/\/pampajuana.com.ar\/wp-content\/uploads\/2025\/11\/B43BC76B-2631-4695-A801-548F92179DBF-300x300.png 300w, https:\/\/pampajuana.com.ar\/wp-content\/uploads\/2025\/11\/B43BC76B-2631-4695-A801-548F92179DBF-100x100.png 100w, https:\/\/pampajuana.com.ar\/wp-content\/uploads\/2025\/11\/B43BC76B-2631-4695-A801-548F92179DBF-150x150.png 150w\" sizes=\"(max-width: 300px) 100vw, 300px\" \/><\/a><div class=\"product-details content-bg entry-content-wrap\"><h2 class=\"woocommerce-loop-product__title\"><a href=\"https:\/\/pampajuana.com.ar\/?product=mix-premium-50-grs\" class=\"woocommerce-LoopProduct-link-title woocommerce-loop-product__title_ink\">Mix Premium<\/a><\/h2>\n\t<span class=\"price\"><span class=\"woocommerce-Price-amount amount\"><bdi><span class=\"woocommerce-Price-currencySymbol\">&#36;<\/span>2,200.00<\/bdi><\/span><\/span>\n<div class=\"product-action-wrap\"><a href=\"\/index.php?rest_route=%2Fwp%2Fv2%2Fpages%2F83&#038;add-to-cart=1722\" data-quantity=\"1\" class=\"button product_type_simple add_to_cart_button ajax_add_to_cart\" data-product_id=\"1722\" data-product_sku=\"M250G\" aria-label=\"A\u00f1adir al carrito: &ldquo;Mix Premium&rdquo;\" rel=\"nofollow\" data-success_message=\"\u00abMix Premium\u00bb se ha a\u00f1adido a tu carrito\" role=\"button\">A\u00f1adir al carrito<span class=\"kadence-svg-iconset svg-baseline\"><svg aria-hidden=\"true\" class=\"kadence-svg-icon kadence-arrow-right-alt-svg\" fill=\"currentColor\" version=\"1.1\" xmlns=\"http:\/\/www.w3.org\/2000\/svg\" width=\"27\" height=\"28\" viewBox=\"0 0 27 28\"><title>Continuar<\/title><path d=\"M27 13.953c0 0.141-0.063 0.281-0.156 0.375l-6 5.531c-0.156 0.141-0.359 0.172-0.547 0.094-0.172-0.078-0.297-0.25-0.297-0.453v-3.5h-19.5c-0.281 0-0.5-0.219-0.5-0.5v-3c0-0.281 0.219-0.5 0.5-0.5h19.5v-3.5c0-0.203 0.109-0.375 0.297-0.453s0.391-0.047 0.547 0.078l6 5.469c0.094 0.094 0.156 0.219 0.156 0.359v0z\"><\/path>\n\t\t\t\t<\/svg><\/span><span class=\"kadence-svg-iconset svg-baseline\"><svg class=\"kadence-svg-icon kadence-spinner-svg\" fill=\"currentColor\" version=\"1.1\" xmlns=\"http:\/\/www.w3.org\/2000\/svg\" width=\"16\" height=\"16\" viewBox=\"0 0 16 16\"><title>Cargando<\/title><path d=\"M16 6h-6l2.243-2.243c-1.133-1.133-2.64-1.757-4.243-1.757s-3.109 0.624-4.243 1.757c-1.133 1.133-1.757 2.64-1.757 4.243s0.624 3.109 1.757 4.243c1.133 1.133 2.64 1.757 4.243 1.757s3.109-0.624 4.243-1.757c0.095-0.095 0.185-0.192 0.273-0.292l1.505 1.317c-1.466 1.674-3.62 2.732-6.020 2.732-4.418 0-8-3.582-8-8s3.582-8 8-8c2.209 0 4.209 0.896 5.656 2.344l2.343-2.344v6z\"><\/path>\n\t\t\t\t<\/svg><\/span><span class=\"kadence-svg-iconset svg-baseline\"><svg class=\"kadence-svg-icon kadence-check-svg\" fill=\"currentColor\" version=\"1.1\" xmlns=\"http:\/\/www.w3.org\/2000\/svg\" width=\"16\" height=\"16\" viewBox=\"0 0 16 16\"><title>Hecho<\/title><path d=\"M14 2.5l-8.5 8.5-3.5-3.5-1.5 1.5 5 5 10-10z\"><\/path>\n\t\t\t\t<\/svg><\/span><\/a>\t<span id=\"woocommerce_loop_add_to_cart_link_describedby_1722\" class=\"screen-reader-text\">\n\t\t\t<\/span>\n<\/div><\/div><\/li>\n<li class=\"entry content-bg loop-entry product type-product post-1719 status-publish last instock product_cat-pack-50-gramos has-post-thumbnail shipping-taxable purchasable product-type-simple\">\n\t<a href=\"https:\/\/pampajuana.com.ar\/?product=mix-frutos-secos-pasas-uva-50-grs\" class=\"woocommerce-loop-image-link woocommerce-LoopProduct-link woocommerce-loop-product__link\"><img loading=\"lazy\" decoding=\"async\" width=\"300\" height=\"300\" src=\"https:\/\/pampajuana.com.ar\/wp-content\/uploads\/2025\/11\/39C992CB-D00E-4187-910D-768CB2D1D0DB-1-300x300.png\" class=\"attachment-woocommerce_thumbnail size-woocommerce_thumbnail\" alt=\"Mix con Pasas de Uva\" srcset=\"https:\/\/pampajuana.com.ar\/wp-content\/uploads\/2025\/11\/39C992CB-D00E-4187-910D-768CB2D1D0DB-1-300x300.png 300w, https:\/\/pampajuana.com.ar\/wp-content\/uploads\/2025\/11\/39C992CB-D00E-4187-910D-768CB2D1D0DB-1-100x100.png 100w, https:\/\/pampajuana.com.ar\/wp-content\/uploads\/2025\/11\/39C992CB-D00E-4187-910D-768CB2D1D0DB-1-150x150.png 150w\" sizes=\"(max-width: 300px) 100vw, 300px\" \/><\/a><div class=\"product-details content-bg entry-content-wrap\"><h2 class=\"woocommerce-loop-product__title\"><a href=\"https:\/\/pampajuana.com.ar\/?product=mix-frutos-secos-pasas-uva-50-grs\" class=\"woocommerce-LoopProduct-link-title woocommerce-loop-product__title_ink\">Mix con Pasas de Uva<\/a><\/h2>\n\t<span class=\"price\"><span class=\"woocommerce-Price-amount amount\"><bdi><span class=\"woocommerce-Price-currencySymbol\">&#36;<\/span>2,000.00<\/bdi><\/span><\/span>\n<div class=\"product-action-wrap\"><a href=\"\/index.php?rest_route=%2Fwp%2Fv2%2Fpages%2F83&#038;add-to-cart=1719\" data-quantity=\"1\" class=\"button product_type_simple add_to_cart_button ajax_add_to_cart\" data-product_id=\"1719\" data-product_sku=\"M150G\" aria-label=\"A\u00f1adir al carrito: &ldquo;Mix con Pasas de Uva&rdquo;\" rel=\"nofollow\" data-success_message=\"\u00abMix con Pasas de Uva\u00bb se ha a\u00f1adido a tu carrito\" role=\"button\">A\u00f1adir al carrito<span class=\"kadence-svg-iconset svg-baseline\"><svg aria-hidden=\"true\" class=\"kadence-svg-icon kadence-arrow-right-alt-svg\" fill=\"currentColor\" version=\"1.1\" xmlns=\"http:\/\/www.w3.org\/2000\/svg\" width=\"27\" height=\"28\" viewBox=\"0 0 27 28\"><title>Continuar<\/title><path d=\"M27 13.953c0 0.141-0.063 0.281-0.156 0.375l-6 5.531c-0.156 0.141-0.359 0.172-0.547 0.094-0.172-0.078-0.297-0.25-0.297-0.453v-3.5h-19.5c-0.281 0-0.5-0.219-0.5-0.5v-3c0-0.281 0.219-0.5 0.5-0.5h19.5v-3.5c0-0.203 0.109-0.375 0.297-0.453s0.391-0.047 0.547 0.078l6 5.469c0.094 0.094 0.156 0.219 0.156 0.359v0z\"><\/path>\n\t\t\t\t<\/svg><\/span><span class=\"kadence-svg-iconset svg-baseline\"><svg class=\"kadence-svg-icon kadence-spinner-svg\" fill=\"currentColor\" version=\"1.1\" xmlns=\"http:\/\/www.w3.org\/2000\/svg\" width=\"16\" height=\"16\" viewBox=\"0 0 16 16\"><title>Cargando<\/title><path d=\"M16 6h-6l2.243-2.243c-1.133-1.133-2.64-1.757-4.243-1.757s-3.109 0.624-4.243 1.757c-1.133 1.133-1.757 2.64-1.757 4.243s0.624 3.109 1.757 4.243c1.133 1.133 2.64 1.757 4.243 1.757s3.109-0.624 4.243-1.757c0.095-0.095 0.185-0.192 0.273-0.292l1.505 1.317c-1.466 1.674-3.62 2.732-6.020 2.732-4.418 0-8-3.582-8-8s3.582-8 8-8c2.209 0 4.209 0.896 5.656 2.344l2.343-2.344v6z\"><\/path>\n\t\t\t\t<\/svg><\/span><span class=\"kadence-svg-iconset svg-baseline\"><svg class=\"kadence-svg-icon kadence-check-svg\" fill=\"currentColor\" version=\"1.1\" xmlns=\"http:\/\/www.w3.org\/2000\/svg\" width=\"16\" height=\"16\" viewBox=\"0 0 16 16\"><title>Hecho<\/title><path d=\"M14 2.5l-8.5 8.5-3.5-3.5-1.5 1.5 5 5 10-10z\"><\/path>\n\t\t\t\t<\/svg><\/span><\/a>\t<span id=\"woocommerce_loop_add_to_cart_link_describedby_1719\" class=\"screen-reader-text\">\n\t\t\t<\/span>\n<\/div><\/div><\/li>\n<\/ul>\n<\/div>\n<\/div>\n\t\t\t\t\t\t<\/div>\n\t\t\t\t<\/div>\n\t\t\t\t\t<\/div>\n\t\t<\/div>\n\t\t\t\t\t<\/div>\n\t\t<\/section>\n\t\t\t\t<section class=\"elementor-section elementor-top-section elementor-element elementor-element-e77cdc7 elementor-section-boxed elementor-section-height-default elementor-section-height-default\" data-id=\"e77cdc7\" data-element_type=\"section\" data-e-type=\"section\">\n\t\t\t\t\t\t<div class=\"elementor-container elementor-column-gap-default\">\n\t\t\t\t\t<div class=\"elementor-column elementor-col-100 elementor-top-column elementor-element elementor-element-8daffe1\" data-id=\"8daffe1\" data-element_type=\"column\" data-e-type=\"column\">\n\t\t\t<div class=\"elementor-widget-wrap elementor-element-populated\">\n\t\t\t\t\t\t<div class=\"elementor-element elementor-element-aba1750 elementor-widget elementor-widget-button\" data-id=\"aba1750\" data-element_type=\"widget\" data-e-type=\"widget\" data-widget_type=\"button.default\">\n\t\t\t\t<div class=\"elementor-widget-container\">\n\t\t\t\t\t\t\t\t\t<div class=\"elementor-button-wrapper\">\n\t\t\t\t\t<a class=\"elementor-button elementor-button-link elementor-size-sm\" href=\"#productos\">\n\t\t\t\t\t\t<span class=\"elementor-button-content-wrapper\">\n\t\t\t\t\t\t\t\t\t<span class=\"elementor-button-text\">Ver productos \u2192<\/span>\n\t\t\t\t\t<\/span>\n\t\t\t\t\t<\/a>\n\t\t\t\t<\/div>\n\t\t\t\t\t\t\t\t<\/div>\n\t\t\t\t<\/div>\n\t\t\t\t\t<\/div>\n\t\t<\/div>\n\t\t\t\t\t<\/div>\n\t\t<\/section>\n\t\t\t\t<\/div>\n\t\t","protected":false},"excerpt":{"rendered":"<p>Snack honesto, porci\u00f3n diaria. Frutos secos naturales, sin sal agregada, sin conservantes. Como vienen del productor, llegan a tu mano. Ver productos \u2192<\/p>\n","protected":false},"author":1,"featured_media":0,"parent":0,"menu_order":0,"comment_status":"closed","ping_status":"closed","template":"","meta":{"_kad_post_transparent":"","_kad_post_title":"","_kad_post_layout":"","_kad_post_sidebar_id":"","_kad_post_content_style":"","_kad_post_vertical_padding":"","_kad_post_feature":"","_kad_post_feature_position":"","_kad_post_header":false,"_kad_post_footer":false,"_kad_post_classname":"","footnotes":""},"class_list":["post-83","page","type-page","status-publish","hentry"],"yoast_head":"<!-- This site is optimized with the Yoast SEO plugin v27.5 - https:\/\/yoast.com\/product\/yoast-seo-wordpress\/ -->\n<title>- PAMPA JUANA<\/title>\n<meta name=\"robots\" content=\"index, follow, max-snippet:-1, max-image-preview:large, max-video-preview:-1\" \/>\n<link rel=\"canonical\" href=\"https:\/\/pampajuana.com.ar\/\" \/>\n<meta property=\"og:locale\" content=\"es_ES\" \/>\n<meta property=\"og:type\" content=\"article\" \/>\n<meta property=\"og:title\" content=\"- PAMPA JUANA\" \/>\n<meta property=\"og:description\" content=\"Snack honesto, porci\u00f3n diaria. Frutos secos naturales, sin sal agregada, sin conservantes. Como vienen del productor, llegan a tu mano. Ver productos \u2192\" \/>\n<meta property=\"og:url\" content=\"https:\/\/pampajuana.com.ar\/\" \/>\n<meta property=\"og:site_name\" content=\"PAMPA JUANA\" \/>\n<meta property=\"article:publisher\" content=\"https:\/\/www.facebook.com\/PAMPAJUANA\/\" \/>\n<meta property=\"article:modified_time\" content=\"2026-05-01T22:38:49+00:00\" \/>\n<meta name=\"twitter:card\" content=\"summary_large_image\" \/>\n<meta name=\"twitter:label1\" content=\"Tiempo de lectura\" \/>\n\t<meta name=\"twitter:data1\" content=\"1 minuto\" \/>\n<script type=\"application\/ld+json\" class=\"yoast-schema-graph\">{\"@context\":\"https:\\\/\\\/schema.org\",\"@graph\":[{\"@type\":\"WebPage\",\"@id\":\"https:\\\/\\\/pampajuana.com.ar\\\/\",\"url\":\"https:\\\/\\\/pampajuana.com.ar\\\/\",\"name\":\"- PAMPA JUANA\",\"isPartOf\":{\"@id\":\"https:\\\/\\\/pampajuana.com.ar\\\/#website\"},\"datePublished\":\"2020-06-14T20:43:20+00:00\",\"dateModified\":\"2026-05-01T22:38:49+00:00\",\"inLanguage\":\"es\",\"potentialAction\":[{\"@type\":\"ReadAction\",\"target\":[\"https:\\\/\\\/pampajuana.com.ar\\\/\"]}]},{\"@type\":\"WebSite\",\"@id\":\"https:\\\/\\\/pampajuana.com.ar\\\/#website\",\"url\":\"https:\\\/\\\/pampajuana.com.ar\\\/\",\"name\":\"PAMPA JUANA\",\"description\":\"\",\"publisher\":{\"@id\":\"https:\\\/\\\/pampajuana.com.ar\\\/#organization\"},\"potentialAction\":[{\"@type\":\"SearchAction\",\"target\":{\"@type\":\"EntryPoint\",\"urlTemplate\":\"https:\\\/\\\/pampajuana.com.ar\\\/?s={search_term_string}\"},\"query-input\":{\"@type\":\"PropertyValueSpecification\",\"valueRequired\":true,\"valueName\":\"search_term_string\"}}],\"inLanguage\":\"es\"},{\"@type\":\"Organization\",\"@id\":\"https:\\\/\\\/pampajuana.com.ar\\\/#organization\",\"name\":\"PAMPA JUANA\",\"url\":\"https:\\\/\\\/pampajuana.com.ar\\\/\",\"logo\":{\"@type\":\"ImageObject\",\"inLanguage\":\"es\",\"@id\":\"https:\\\/\\\/pampajuana.com.ar\\\/#\\\/schema\\\/logo\\\/image\\\/\",\"url\":\"https:\\\/\\\/pampajuana.com.ar\\\/wp-content\\\/uploads\\\/2020\\\/07\\\/logo_IG.png\",\"contentUrl\":\"https:\\\/\\\/pampajuana.com.ar\\\/wp-content\\\/uploads\\\/2020\\\/07\\\/logo_IG.png\",\"width\":591,\"height\":480,\"caption\":\"PAMPA JUANA\"},\"image\":{\"@id\":\"https:\\\/\\\/pampajuana.com.ar\\\/#\\\/schema\\\/logo\\\/image\\\/\"},\"sameAs\":[\"https:\\\/\\\/www.facebook.com\\\/PAMPAJUANA\\\/\",\"https:\\\/\\\/www.instagram.com\\\/pampajuana\\\/\"]}]}<\/script>\n<!-- \/ Yoast SEO plugin. -->","yoast_head_json":{"title":"- PAMPA JUANA","robots":{"index":"index","follow":"follow","max-snippet":"max-snippet:-1","max-image-preview":"max-image-preview:large","max-video-preview":"max-video-preview:-1"},"canonical":"https:\/\/pampajuana.com.ar\/","og_locale":"es_ES","og_type":"article","og_title":"- PAMPA JUANA","og_description":"Snack honesto, porci\u00f3n diaria. Frutos secos naturales, sin sal agregada, sin conservantes. Como vienen del productor, llegan a tu mano. Ver productos \u2192","og_url":"https:\/\/pampajuana.com.ar\/","og_site_name":"PAMPA JUANA","article_publisher":"https:\/\/www.facebook.com\/PAMPAJUANA\/","article_modified_time":"2026-05-01T22:38:49+00:00","twitter_card":"summary_large_image","twitter_misc":{"Tiempo de lectura":"1 minuto"},"schema":{"@context":"https:\/\/schema.org","@graph":[{"@type":"WebPage","@id":"https:\/\/pampajuana.com.ar\/","url":"https:\/\/pampajuana.com.ar\/","name":"- PAMPA JUANA","isPartOf":{"@id":"https:\/\/pampajuana.com.ar\/#website"},"datePublished":"2020-06-14T20:43:20+00:00","dateModified":"2026-05-01T22:38:49+00:00","inLanguage":"es","potentialAction":[{"@type":"ReadAction","target":["https:\/\/pampajuana.com.ar\/"]}]},{"@type":"WebSite","@id":"https:\/\/pampajuana.com.ar\/#website","url":"https:\/\/pampajuana.com.ar\/","name":"PAMPA JUANA","description":"","publisher":{"@id":"https:\/\/pampajuana.com.ar\/#organization"},"potentialAction":[{"@type":"SearchAction","target":{"@type":"EntryPoint","urlTemplate":"https:\/\/pampajuana.com.ar\/?s={search_term_string}"},"query-input":{"@type":"PropertyValueSpecification","valueRequired":true,"valueName":"search_term_string"}}],"inLanguage":"es"},{"@type":"Organization","@id":"https:\/\/pampajuana.com.ar\/#organization","name":"PAMPA JUANA","url":"https:\/\/pampajuana.com.ar\/","logo":{"@type":"ImageObject","inLanguage":"es","@id":"https:\/\/pampajuana.com.ar\/#\/schema\/logo\/image\/","url":"https:\/\/pampajuana.com.ar\/wp-content\/uploads\/2020\/07\/logo_IG.png","contentUrl":"https:\/\/pampajuana.com.ar\/wp-content\/uploads\/2020\/07\/logo_IG.png","width":591,"height":480,"caption":"PAMPA JUANA"},"image":{"@id":"https:\/\/pampajuana.com.ar\/#\/schema\/logo\/image\/"},"sameAs":["https:\/\/www.facebook.com\/PAMPAJUANA\/","https:\/\/www.instagram.com\/pampajuana\/"]}]}},"jetpack_sharing_enabled":true,"_links":{"self":[{"href":"https:\/\/pampajuana.com.ar\/index.php?rest_route=\/wp\/v2\/pages\/83","targetHints":{"allow":["GET"]}}],"collection":[{"href":"https:\/\/pampajuana.com.ar\/index.php?rest_route=\/wp\/v2\/pages"}],"about":[{"href":"https:\/\/pampajuana.com.ar\/index.php?rest_route=\/wp\/v2\/types\/page"}],"author":[{"embeddable":true,"href":"https:\/\/pampajuana.com.ar\/index.php?rest_route=\/wp\/v2\/users\/1"}],"replies":[{"embeddable":true,"href":"https:\/\/pampajuana.com.ar\/index.php?rest_route=%2Fwp%2Fv2%2Fcomments&post=83"}],"version-history":[{"count":216,"href":"https:\/\/pampajuana.com.ar\/index.php?rest_route=\/wp\/v2\/pages\/83\/revisions"}],"predecessor-version":[{"id":1900,"href":"https:\/\/pampajuana.com.ar\/index.php?rest_route=\/wp\/v2\/pages\/83\/revisions\/1900"}],"wp:attachment":[{"href":"https:\/\/pampajuana.com.ar\/index.php?rest_route=%2Fwp%2Fv2%2Fmedia&parent=83"}],"curies":[{"name":"wp","href":"https:\/\/api.w.org\/{rel}","templated":true}]}}