{"id":522,"date":"2020-08-05T20:56:07","date_gmt":"2020-08-05T20:56:07","guid":{"rendered":"https:\/\/pampajuana.com.ar\/?page_id=522"},"modified":"2024-11-11T22:25:44","modified_gmt":"2024-11-11T22:25:44","slug":"pagina-de-envios","status":"publish","type":"page","link":"https:\/\/pampajuana.com.ar\/?page_id=522","title":{"rendered":"Env\u00edos"},"content":{"rendered":"<p><img fetchpriority=\"high\" decoding=\"async\" src=\"https:\/\/pampajuana.com.ar\/wp-content\/uploads\/2020\/08\/furgoneta_azulydorado-300x177.png\" sizes=\"(max-width: 300px) 100vw, 300px\" srcset=\"https:\/\/pampajuana.com.ar\/wp-content\/uploads\/2020\/08\/furgoneta_azulydorado-300x177.png 300w, https:\/\/pampajuana.com.ar\/wp-content\/uploads\/2020\/08\/furgoneta_azulydorado-768x452.png 768w, https:\/\/pampajuana.com.ar\/wp-content\/uploads\/2020\/08\/furgoneta_azulydorado-416x245.png 416w, https:\/\/pampajuana.com.ar\/wp-content\/uploads\/2020\/08\/furgoneta_azulydorado.png 876w\" alt=\"\" width=\"300\" height=\"177\" \/><span style=\"font-size: revert;\"><br \/>\nENV\u00cdOS GRATIS<\/span><\/p>\n<p><span style=\"font-size: revert;\">MONTOS SUPERIORES A $ 50.000<\/span><\/p>\n<p><span style=\"font-size: revert;\">ENV\u00cdOS EN CABA<\/span><\/p>\n<p><strong>$ 3.100<\/strong><br \/>\nENTREGA DIA VIERNES DE 9 A 15 HS<\/p>\n<h2>ZONA NORTE<\/h2>\n<p>FLORIDA<br \/>\nVICENTE LOPEZ<br \/>\n<strong>$ 4.500<\/strong><\/p>\n<p>OLIVOS<br \/>\nLA LUCILA<br \/>\nSAN ISIDRO<br \/>\nMART\u00cdNEZ<br \/>\n<strong>$ 4.500<\/strong><\/p>\n<p>SAN FERNANDO<br \/>\nTIGRE CENTRO<br \/>\nNORDELTA<br \/>\nBOULOGNE<br \/>\nBECCAR<br \/>\n<strong>$ 5.500<\/strong><\/p>\n<p>PILAR<br \/>\n<strong>$ 7.000<\/strong><\/p>\n<p>ENTREGA EN 48\/72 HS<\/p>\n<h2>ZONA OESTE<\/h2>\n<p>RAMOS MEJ\u00cdA<br \/>\nSAN MART\u00cdN<br \/>\nCIUDADELA<br \/>\nCASEROS<br \/>\n<strong>$ 4.500<\/strong><\/p>\n<p>VILLA BALLESTER<br \/>\nHAEDO<br \/>\nPALOMAR<br \/>\n<strong>$ 4.500<\/strong><\/p>\n<p>MOR\u00d3N<br \/>\nCASTELAR<br \/>\nITUZAING\u00d3<br \/>\nHURLINGHAM<br \/>\n<strong>$ 6.500<\/strong><\/p>\n<p>ENTREGA EN 48\/72 HS<\/p>\n<h2>ZONA SUR<\/h2>\n<p>AVELLANEDA<br \/>\nLAN\u00daS<br \/>\n<strong>$ 6.000<\/strong><\/p>\n<p>LOMAS DE ZAMORA<br \/>\nBANFIELD<br \/>\n<strong>$ 6.000<\/strong><\/p>\n<p>TEMPERLEY<br \/>\n<strong>$ 7.500<\/strong><\/p>\n<p>BERAZATEGUI<br \/>\nQUILMES<br \/>\n<strong>$ 7.500<\/strong><\/p>\n<p>ENTREGA EN 48\/72 HS<\/p>\n<p>SI SU LOCALIDAD NO APARECE AQU\u00cd, INGRESE IGUALMENTE SU C\u00d3DIGO POSTAL EN EL FORMULARIO DE PEDIDO. SI EL SISTEMA NO LE BRINDA EL COSTO DE ENV\u00cdO, CONS\u00daLTENOS V\u00cdA WHATSAPP O EMAIL.<\/p>\n","protected":false},"excerpt":{"rendered":"<p>ENV\u00cdOS GRATIS MONTOS SUPERIORES A $ 50.000 ENV\u00cdOS EN CABA $ 3.100 ENTREGA DIA VIERNES DE 9 A 15 HS ZONA NORTE FLORIDA VICENTE LOPEZ $ 4.500 OLIVOS LA LUCILA SAN ISIDRO MART\u00cdNEZ $ 4.500 SAN FERNANDO TIGRE CENTRO NORDELTA BOULOGNE BECCAR $ 5.500 PILAR $ 7.000 ENTREGA EN 48\/72 HS ZONA OESTE RAMOS MEJ\u00cdA&#8230;<\/p>\n","protected":false},"author":1,"featured_media":0,"parent":0,"menu_order":0,"comment_status":"closed","ping_status":"closed","template":"","meta":{"_kad_post_transparent":"","_kad_post_title":"","_kad_post_layout":"","_kad_post_sidebar_id":"","_kad_post_content_style":"","_kad_post_vertical_padding":"","_kad_post_feature":"","_kad_post_feature_position":"","_kad_post_header":false,"_kad_post_footer":false,"_kad_post_classname":"","footnotes":""},"class_list":["post-522","page","type-page","status-publish","hentry"],"yoast_head":"<!-- This site is optimized with the Yoast SEO plugin v27.5 - https:\/\/yoast.com\/product\/yoast-seo-wordpress\/ -->\n<title>Env\u00edos - PAMPA JUANA<\/title>\n<meta name=\"robots\" content=\"index, follow, max-snippet:-1, max-image-preview:large, max-video-preview:-1\" \/>\n<link rel=\"canonical\" href=\"https:\/\/pampajuana.com.ar\/?page_id=522\" \/>\n<meta property=\"og:locale\" content=\"es_ES\" \/>\n<meta property=\"og:type\" content=\"article\" \/>\n<meta property=\"og:title\" content=\"Env\u00edos - PAMPA JUANA\" \/>\n<meta property=\"og:description\" content=\"ENV\u00cdOS GRATIS MONTOS SUPERIORES A $ 50.000 ENV\u00cdOS EN CABA $ 3.100 ENTREGA DIA VIERNES DE 9 A 15 HS ZONA NORTE FLORIDA VICENTE LOPEZ $ 4.500 OLIVOS LA LUCILA SAN ISIDRO MART\u00cdNEZ $ 4.500 SAN FERNANDO TIGRE CENTRO NORDELTA BOULOGNE BECCAR $ 5.500 PILAR $ 7.000 ENTREGA EN 48\/72 HS ZONA OESTE RAMOS MEJ\u00cdA...\" \/>\n<meta property=\"og:url\" content=\"https:\/\/pampajuana.com.ar\/?page_id=522\" \/>\n<meta property=\"og:site_name\" content=\"PAMPA JUANA\" \/>\n<meta property=\"article:publisher\" content=\"https:\/\/www.facebook.com\/PAMPAJUANA\/\" \/>\n<meta property=\"article:modified_time\" content=\"2024-11-11T22:25:44+00:00\" \/>\n<meta property=\"og:image\" content=\"https:\/\/pampajuana.com.ar\/wp-content\/uploads\/2020\/08\/furgoneta_azulydorado-300x177.png\" \/>\n<meta name=\"twitter:card\" content=\"summary_large_image\" \/>\n<meta name=\"twitter:label1\" content=\"Tiempo de lectura\" \/>\n\t<meta name=\"twitter:data1\" content=\"1 minuto\" \/>\n<script type=\"application\/ld+json\" class=\"yoast-schema-graph\">{\"@context\":\"https:\\\/\\\/schema.org\",\"@graph\":[{\"@type\":\"WebPage\",\"@id\":\"https:\\\/\\\/pampajuana.com.ar\\\/?page_id=522\",\"url\":\"https:\\\/\\\/pampajuana.com.ar\\\/?page_id=522\",\"name\":\"Env\u00edos - PAMPA JUANA\",\"isPartOf\":{\"@id\":\"https:\\\/\\\/pampajuana.com.ar\\\/#website\"},\"primaryImageOfPage\":{\"@id\":\"https:\\\/\\\/pampajuana.com.ar\\\/?page_id=522#primaryimage\"},\"image\":{\"@id\":\"https:\\\/\\\/pampajuana.com.ar\\\/?page_id=522#primaryimage\"},\"thumbnailUrl\":\"https:\\\/\\\/pampajuana.com.ar\\\/wp-content\\\/uploads\\\/2020\\\/08\\\/furgoneta_azulydorado-300x177.png\",\"datePublished\":\"2020-08-05T20:56:07+00:00\",\"dateModified\":\"2024-11-11T22:25:44+00:00\",\"breadcrumb\":{\"@id\":\"https:\\\/\\\/pampajuana.com.ar\\\/?page_id=522#breadcrumb\"},\"inLanguage\":\"es\",\"potentialAction\":[{\"@type\":\"ReadAction\",\"target\":[\"https:\\\/\\\/pampajuana.com.ar\\\/?page_id=522\"]}]},{\"@type\":\"ImageObject\",\"inLanguage\":\"es\",\"@id\":\"https:\\\/\\\/pampajuana.com.ar\\\/?page_id=522#primaryimage\",\"url\":\"https:\\\/\\\/pampajuana.com.ar\\\/wp-content\\\/uploads\\\/2020\\\/08\\\/furgoneta_azulydorado.png\",\"contentUrl\":\"https:\\\/\\\/pampajuana.com.ar\\\/wp-content\\\/uploads\\\/2020\\\/08\\\/furgoneta_azulydorado.png\",\"width\":876,\"height\":516},{\"@type\":\"BreadcrumbList\",\"@id\":\"https:\\\/\\\/pampajuana.com.ar\\\/?page_id=522#breadcrumb\",\"itemListElement\":[{\"@type\":\"ListItem\",\"position\":1,\"name\":\"Portada\",\"item\":\"https:\\\/\\\/pampajuana.com.ar\\\/\"},{\"@type\":\"ListItem\",\"position\":2,\"name\":\"Env\u00edos\"}]},{\"@type\":\"WebSite\",\"@id\":\"https:\\\/\\\/pampajuana.com.ar\\\/#website\",\"url\":\"https:\\\/\\\/pampajuana.com.ar\\\/\",\"name\":\"PAMPA JUANA\",\"description\":\"\",\"publisher\":{\"@id\":\"https:\\\/\\\/pampajuana.com.ar\\\/#organization\"},\"potentialAction\":[{\"@type\":\"SearchAction\",\"target\":{\"@type\":\"EntryPoint\",\"urlTemplate\":\"https:\\\/\\\/pampajuana.com.ar\\\/?s={search_term_string}\"},\"query-input\":{\"@type\":\"PropertyValueSpecification\",\"valueRequired\":true,\"valueName\":\"search_term_string\"}}],\"inLanguage\":\"es\"},{\"@type\":\"Organization\",\"@id\":\"https:\\\/\\\/pampajuana.com.ar\\\/#organization\",\"name\":\"PAMPA JUANA\",\"url\":\"https:\\\/\\\/pampajuana.com.ar\\\/\",\"logo\":{\"@type\":\"ImageObject\",\"inLanguage\":\"es\",\"@id\":\"https:\\\/\\\/pampajuana.com.ar\\\/#\\\/schema\\\/logo\\\/image\\\/\",\"url\":\"https:\\\/\\\/pampajuana.com.ar\\\/wp-content\\\/uploads\\\/2020\\\/07\\\/logo_IG.png\",\"contentUrl\":\"https:\\\/\\\/pampajuana.com.ar\\\/wp-content\\\/uploads\\\/2020\\\/07\\\/logo_IG.png\",\"width\":591,\"height\":480,\"caption\":\"PAMPA JUANA\"},\"image\":{\"@id\":\"https:\\\/\\\/pampajuana.com.ar\\\/#\\\/schema\\\/logo\\\/image\\\/\"},\"sameAs\":[\"https:\\\/\\\/www.facebook.com\\\/PAMPAJUANA\\\/\",\"https:\\\/\\\/www.instagram.com\\\/pampajuana\\\/\"]}]}<\/script>\n<!-- \/ Yoast SEO plugin. -->","yoast_head_json":{"title":"Env\u00edos - PAMPA JUANA","robots":{"index":"index","follow":"follow","max-snippet":"max-snippet:-1","max-image-preview":"max-image-preview:large","max-video-preview":"max-video-preview:-1"},"canonical":"https:\/\/pampajuana.com.ar\/?page_id=522","og_locale":"es_ES","og_type":"article","og_title":"Env\u00edos - PAMPA JUANA","og_description":"ENV\u00cdOS GRATIS MONTOS SUPERIORES A $ 50.000 ENV\u00cdOS EN CABA $ 3.100 ENTREGA DIA VIERNES DE 9 A 15 HS ZONA NORTE FLORIDA VICENTE LOPEZ $ 4.500 OLIVOS LA LUCILA SAN ISIDRO MART\u00cdNEZ $ 4.500 SAN FERNANDO TIGRE CENTRO NORDELTA BOULOGNE BECCAR $ 5.500 PILAR $ 7.000 ENTREGA EN 48\/72 HS ZONA OESTE RAMOS MEJ\u00cdA...","og_url":"https:\/\/pampajuana.com.ar\/?page_id=522","og_site_name":"PAMPA JUANA","article_publisher":"https:\/\/www.facebook.com\/PAMPAJUANA\/","article_modified_time":"2024-11-11T22:25:44+00:00","og_image":[{"url":"https:\/\/pampajuana.com.ar\/wp-content\/uploads\/2020\/08\/furgoneta_azulydorado-300x177.png","type":"","width":"","height":""}],"twitter_card":"summary_large_image","twitter_misc":{"Tiempo de lectura":"1 minuto"},"schema":{"@context":"https:\/\/schema.org","@graph":[{"@type":"WebPage","@id":"https:\/\/pampajuana.com.ar\/?page_id=522","url":"https:\/\/pampajuana.com.ar\/?page_id=522","name":"Env\u00edos - PAMPA JUANA","isPartOf":{"@id":"https:\/\/pampajuana.com.ar\/#website"},"primaryImageOfPage":{"@id":"https:\/\/pampajuana.com.ar\/?page_id=522#primaryimage"},"image":{"@id":"https:\/\/pampajuana.com.ar\/?page_id=522#primaryimage"},"thumbnailUrl":"https:\/\/pampajuana.com.ar\/wp-content\/uploads\/2020\/08\/furgoneta_azulydorado-300x177.png","datePublished":"2020-08-05T20:56:07+00:00","dateModified":"2024-11-11T22:25:44+00:00","breadcrumb":{"@id":"https:\/\/pampajuana.com.ar\/?page_id=522#breadcrumb"},"inLanguage":"es","potentialAction":[{"@type":"ReadAction","target":["https:\/\/pampajuana.com.ar\/?page_id=522"]}]},{"@type":"ImageObject","inLanguage":"es","@id":"https:\/\/pampajuana.com.ar\/?page_id=522#primaryimage","url":"https:\/\/pampajuana.com.ar\/wp-content\/uploads\/2020\/08\/furgoneta_azulydorado.png","contentUrl":"https:\/\/pampajuana.com.ar\/wp-content\/uploads\/2020\/08\/furgoneta_azulydorado.png","width":876,"height":516},{"@type":"BreadcrumbList","@id":"https:\/\/pampajuana.com.ar\/?page_id=522#breadcrumb","itemListElement":[{"@type":"ListItem","position":1,"name":"Portada","item":"https:\/\/pampajuana.com.ar\/"},{"@type":"ListItem","position":2,"name":"Env\u00edos"}]},{"@type":"WebSite","@id":"https:\/\/pampajuana.com.ar\/#website","url":"https:\/\/pampajuana.com.ar\/","name":"PAMPA JUANA","description":"","publisher":{"@id":"https:\/\/pampajuana.com.ar\/#organization"},"potentialAction":[{"@type":"SearchAction","target":{"@type":"EntryPoint","urlTemplate":"https:\/\/pampajuana.com.ar\/?s={search_term_string}"},"query-input":{"@type":"PropertyValueSpecification","valueRequired":true,"valueName":"search_term_string"}}],"inLanguage":"es"},{"@type":"Organization","@id":"https:\/\/pampajuana.com.ar\/#organization","name":"PAMPA JUANA","url":"https:\/\/pampajuana.com.ar\/","logo":{"@type":"ImageObject","inLanguage":"es","@id":"https:\/\/pampajuana.com.ar\/#\/schema\/logo\/image\/","url":"https:\/\/pampajuana.com.ar\/wp-content\/uploads\/2020\/07\/logo_IG.png","contentUrl":"https:\/\/pampajuana.com.ar\/wp-content\/uploads\/2020\/07\/logo_IG.png","width":591,"height":480,"caption":"PAMPA JUANA"},"image":{"@id":"https:\/\/pampajuana.com.ar\/#\/schema\/logo\/image\/"},"sameAs":["https:\/\/www.facebook.com\/PAMPAJUANA\/","https:\/\/www.instagram.com\/pampajuana\/"]}]}},"jetpack_sharing_enabled":true,"_links":{"self":[{"href":"https:\/\/pampajuana.com.ar\/index.php?rest_route=\/wp\/v2\/pages\/522","targetHints":{"allow":["GET"]}}],"collection":[{"href":"https:\/\/pampajuana.com.ar\/index.php?rest_route=\/wp\/v2\/pages"}],"about":[{"href":"https:\/\/pampajuana.com.ar\/index.php?rest_route=\/wp\/v2\/types\/page"}],"author":[{"embeddable":true,"href":"https:\/\/pampajuana.com.ar\/index.php?rest_route=\/wp\/v2\/users\/1"}],"replies":[{"embeddable":true,"href":"https:\/\/pampajuana.com.ar\/index.php?rest_route=%2Fwp%2Fv2%2Fcomments&post=522"}],"version-history":[{"count":22,"href":"https:\/\/pampajuana.com.ar\/index.php?rest_route=\/wp\/v2\/pages\/522\/revisions"}],"predecessor-version":[{"id":1712,"href":"https:\/\/pampajuana.com.ar\/index.php?rest_route=\/wp\/v2\/pages\/522\/revisions\/1712"}],"wp:attachment":[{"href":"https:\/\/pampajuana.com.ar\/index.php?rest_route=%2Fwp%2Fv2%2Fmedia&parent=522"}],"curies":[{"name":"wp","href":"https:\/\/api.w.org\/{rel}","templated":true}]}}